{"id":8904,"date":"2021-06-02T11:26:58","date_gmt":"2021-06-02T09:26:58","guid":{"rendered":"https:\/\/home.axinesis.com\/?page_id=8904"},"modified":"2025-02-14T13:28:37","modified_gmt":"2025-02-14T11:28:37","slug":"informieren-sie-mich","status":"publish","type":"page","link":"https:\/\/home.axinesis.com\/de\/reapad\/informieren-sie-mich\/","title":{"rendered":"Informieren Sie mich"},"content":{"rendered":"\t\t<div data-elementor-type=\"wp-page\" data-elementor-id=\"8904\" class=\"elementor elementor-8904 elementor-3009\" data-elementor-post-type=\"page\">\n\t\t\t\t\t\t<section class=\"elementor-section elementor-top-section elementor-element elementor-element-81ab7a3 elementor-section-height-min-height elementor-section-boxed elementor-section-height-default elementor-section-items-middle\" data-id=\"81ab7a3\" data-element_type=\"section\" data-settings=\"{&quot;jet_parallax_layout_list&quot;:[{&quot;jet_parallax_layout_image&quot;:{&quot;url&quot;:&quot;&quot;,&quot;id&quot;:&quot;&quot;,&quot;size&quot;:&quot;&quot;},&quot;_id&quot;:&quot;e148aec&quot;,&quot;jet_parallax_layout_speed&quot;:{&quot;unit&quot;:&quot;%&quot;,&quot;size&quot;:&quot;50&quot;,&quot;sizes&quot;:[]},&quot;jet_parallax_layout_bg_x&quot;:&quot;50&quot;,&quot;jet_parallax_layout_bg_y&quot;:&quot;50&quot;,&quot;jet_parallax_layout_image_tablet&quot;:{&quot;url&quot;:&quot;&quot;,&quot;id&quot;:&quot;&quot;,&quot;size&quot;:&quot;&quot;},&quot;jet_parallax_layout_image_mobile&quot;:{&quot;url&quot;:&quot;&quot;,&quot;id&quot;:&quot;&quot;,&quot;size&quot;:&quot;&quot;},&quot;jet_parallax_layout_type&quot;:&quot;scroll&quot;,&quot;jet_parallax_layout_direction&quot;:null,&quot;jet_parallax_layout_fx_direction&quot;:null,&quot;jet_parallax_layout_z_index&quot;:&quot;&quot;,&quot;jet_parallax_layout_bg_x_tablet&quot;:&quot;&quot;,&quot;jet_parallax_layout_bg_x_mobile&quot;:&quot;&quot;,&quot;jet_parallax_layout_bg_y_tablet&quot;:&quot;&quot;,&quot;jet_parallax_layout_bg_y_mobile&quot;:&quot;&quot;,&quot;jet_parallax_layout_bg_size&quot;:&quot;auto&quot;,&quot;jet_parallax_layout_bg_size_tablet&quot;:&quot;&quot;,&quot;jet_parallax_layout_bg_size_mobile&quot;:&quot;&quot;,&quot;jet_parallax_layout_animation_prop&quot;:&quot;transform&quot;,&quot;jet_parallax_layout_on&quot;:[&quot;desktop&quot;,&quot;tablet&quot;]}],&quot;background_background&quot;:&quot;classic&quot;}\">\n\t\t\t\t\t\t\t<div class=\"elementor-background-overlay\"><\/div>\n\t\t\t\t\t\t\t<div class=\"elementor-container elementor-column-gap-default\">\n\t\t\t\t\t<div class=\"elementor-column elementor-col-100 elementor-top-column elementor-element elementor-element-138abccc\" data-id=\"138abccc\" data-element_type=\"column\">\n\t\t\t<div class=\"elementor-widget-wrap elementor-element-populated\">\n\t\t\t\t\t\t<div class=\"elementor-element elementor-element-664b3e2b elementor-align-center elementor-invisible elementor-widget elementor-widget-raven-heading\" data-id=\"664b3e2b\" data-element_type=\"widget\" data-settings=\"{&quot;_animation&quot;:&quot;fadeInRight&quot;,&quot;_animation_delay&quot;:100}\" data-widget_type=\"raven-heading.default\">\n\t\t\t\t<div class=\"elementor-widget-container\">\n\t\t\t\t\t\t\t<div class=\"raven-widget-wrapper\"><h1 class=\"raven-heading raven-heading-h1\"><span class=\"raven-heading-title \">Halten Sie mich auf dem Laufenden<\/span><\/h1><\/div>\n\t\t\t\t\t\t<\/div>\n\t\t\t\t<\/div>\n\t\t\t\t\t<\/div>\n\t\t<\/div>\n\t\t\t\t\t<\/div>\n\t\t<\/section>\n\t\t\t\t<section class=\"elementor-section elementor-top-section elementor-element elementor-element-efec99f elementor-section-boxed elementor-section-height-default elementor-section-height-default\" data-id=\"efec99f\" data-element_type=\"section\" data-settings=\"{&quot;jet_parallax_layout_list&quot;:[]}\">\n\t\t\t\t\t\t<div class=\"elementor-container elementor-column-gap-default\">\n\t\t\t\t\t<div class=\"elementor-column elementor-col-50 elementor-top-column elementor-element elementor-element-576055f\" data-id=\"576055f\" data-element_type=\"column\">\n\t\t\t<div class=\"elementor-widget-wrap elementor-element-populated\">\n\t\t\t\t\t\t<div class=\"elementor-element elementor-element-aba0621 elementor-invisible elementor-widget elementor-widget-image\" data-id=\"aba0621\" data-element_type=\"widget\" data-settings=\"{&quot;_animation&quot;:&quot;fadeInLeft&quot;}\" data-widget_type=\"image.default\">\n\t\t\t\t<div class=\"elementor-widget-container\">\n\t\t\t\t\t\t\t\t\t\t\t\t\t\t\t<img fetchpriority=\"high\" decoding=\"async\" width=\"665\" height=\"463\" src=\"https:\/\/home.axinesis.com\/wp-content\/uploads\/2022\/10\/REAtouch-Home.png\" class=\"attachment-large size-large wp-image-8793\" alt=\"\" srcset=\"https:\/\/home.axinesis.com\/wp-content\/uploads\/2022\/10\/REAtouch-Home.png 665w, https:\/\/home.axinesis.com\/wp-content\/uploads\/2022\/10\/REAtouch-Home-300x209.png 300w\" sizes=\"(max-width: 665px) 100vw, 665px\" \/>\t\t\t\t\t\t\t\t\t\t\t\t\t\t\t<\/div>\n\t\t\t\t<\/div>\n\t\t\t\t\t<\/div>\n\t\t<\/div>\n\t\t\t\t<div class=\"elementor-column elementor-col-50 elementor-top-column elementor-element elementor-element-356c5f1\" data-id=\"356c5f1\" data-element_type=\"column\">\n\t\t\t<div class=\"elementor-widget-wrap elementor-element-populated\">\n\t\t\t\t\t\t<div class=\"elementor-element elementor-element-8f0d8e8 elementor-invisible elementor-widget elementor-widget-text-editor\" data-id=\"8f0d8e8\" data-element_type=\"widget\" data-settings=\"{&quot;_animation&quot;:&quot;fadeInRight&quot;}\" data-widget_type=\"text-editor.default\">\n\t\t\t\t<div class=\"elementor-widget-container\">\n\t\t\t\t\t\t\t\t\tDer <a href=\"https:\/\/home.axinesis.com\/de\/reatouchhome\/\">REAtouch<sup>\u00ae<\/sup> Home<\/a> ist bald erh\u00e4ltlich&#8230;\n\nSind Sie an unserem Ger\u00e4t f\u00fcr die Rehabilitation zu Hause interessiert? Wir laden Sie ein, das untenstehende Formular auszuf\u00fcllen, damit wir Sie \u00fcber die Markteinf\u00fchrung auf dem Laufenden halten k\u00f6nnen!\t\t\t\t\t\t\t\t<\/div>\n\t\t\t\t<\/div>\n\t\t\t\t\t<\/div>\n\t\t<\/div>\n\t\t\t\t\t<\/div>\n\t\t<\/section>\n\t\t\t\t<section class=\"elementor-section elementor-top-section elementor-element elementor-element-264410be elementor-section-boxed elementor-section-height-default elementor-section-height-default elementor-invisible\" data-id=\"264410be\" data-element_type=\"section\" data-settings=\"{&quot;jet_parallax_layout_list&quot;:[{&quot;jet_parallax_layout_image&quot;:{&quot;url&quot;:&quot;&quot;,&quot;id&quot;:&quot;&quot;,&quot;size&quot;:&quot;&quot;},&quot;_id&quot;:&quot;e148aec&quot;,&quot;jet_parallax_layout_speed&quot;:{&quot;unit&quot;:&quot;%&quot;,&quot;size&quot;:&quot;50&quot;,&quot;sizes&quot;:[]},&quot;jet_parallax_layout_bg_x&quot;:&quot;50&quot;,&quot;jet_parallax_layout_bg_y&quot;:&quot;50&quot;,&quot;jet_parallax_layout_image_tablet&quot;:{&quot;url&quot;:&quot;&quot;,&quot;id&quot;:&quot;&quot;,&quot;size&quot;:&quot;&quot;},&quot;jet_parallax_layout_image_mobile&quot;:{&quot;url&quot;:&quot;&quot;,&quot;id&quot;:&quot;&quot;,&quot;size&quot;:&quot;&quot;},&quot;jet_parallax_layout_type&quot;:&quot;scroll&quot;,&quot;jet_parallax_layout_direction&quot;:null,&quot;jet_parallax_layout_fx_direction&quot;:null,&quot;jet_parallax_layout_z_index&quot;:&quot;&quot;,&quot;jet_parallax_layout_bg_x_tablet&quot;:&quot;&quot;,&quot;jet_parallax_layout_bg_x_mobile&quot;:&quot;&quot;,&quot;jet_parallax_layout_bg_y_tablet&quot;:&quot;&quot;,&quot;jet_parallax_layout_bg_y_mobile&quot;:&quot;&quot;,&quot;jet_parallax_layout_bg_size&quot;:&quot;auto&quot;,&quot;jet_parallax_layout_bg_size_tablet&quot;:&quot;&quot;,&quot;jet_parallax_layout_bg_size_mobile&quot;:&quot;&quot;,&quot;jet_parallax_layout_animation_prop&quot;:&quot;transform&quot;,&quot;jet_parallax_layout_on&quot;:[&quot;desktop&quot;,&quot;tablet&quot;]}],&quot;background_background&quot;:&quot;classic&quot;,&quot;animation&quot;:&quot;fadeInRight&quot;,&quot;animation_delay&quot;:300}\">\n\t\t\t\t\t\t\t<div class=\"elementor-background-overlay\"><\/div>\n\t\t\t\t\t\t\t<div class=\"elementor-container elementor-column-gap-default\">\n\t\t\t\t\t<div class=\"elementor-column elementor-col-100 elementor-top-column elementor-element elementor-element-455172c7\" data-id=\"455172c7\" data-element_type=\"column\">\n\t\t\t<div class=\"elementor-widget-wrap elementor-element-populated\">\n\t\t\t\t\t\t<div class=\"elementor-element elementor-element-48fd199 elementor-widget elementor-widget-html\" data-id=\"48fd199\" data-element_type=\"widget\" data-widget_type=\"html.default\">\n\t\t\t\t<div class=\"elementor-widget-container\">\n\t\t\t\t\t<script charset=\"utf-8\" type=\"text\/javascript\" src=\"\/\/js.hsforms.net\/forms\/embed\/v2.js\"><\/script>\n<script>\n  hbspt.forms.create({\n    portalId: \"19964329\",\n    formId: \"b0c142c7-5a3b-4712-b783-af28ebbb2de3\",\n    region: \"na1\"\n  });\n<\/script>\t\t\t\t<\/div>\n\t\t\t\t<\/div>\n\t\t\t\t<div class=\"elementor-element elementor-element-37519ad elementor-widget elementor-widget-spacer\" data-id=\"37519ad\" data-element_type=\"widget\" data-widget_type=\"spacer.default\">\n\t\t\t\t<div class=\"elementor-widget-container\">\n\t\t\t\t\t\t\t<div class=\"elementor-spacer\">\n\t\t\t<div class=\"elementor-spacer-inner\"><\/div>\n\t\t<\/div>\n\t\t\t\t\t\t<\/div>\n\t\t\t\t<\/div>\n\t\t\t\t\t<\/div>\n\t\t<\/div>\n\t\t\t\t\t<\/div>\n\t\t<\/section>\n\t\t\t\t<\/div>\n\t\t","protected":false},"excerpt":{"rendered":"<p>Halten Sie mich auf dem Laufenden Der REAtouch\u00ae Home ist bald erh\u00e4ltlich&#8230; Sind Sie an unserem Ger\u00e4t f\u00fcr die Rehabilitation zu Hause interessiert? Wir laden Sie ein, das untenstehende Formular auszuf\u00fcllen, damit wir Sie \u00fcber die Markteinf\u00fchrung auf dem Laufenden halten k\u00f6nnen!<\/p>\n","protected":false},"author":1,"featured_media":0,"parent":8876,"menu_order":0,"comment_status":"closed","ping_status":"closed","template":"elementor_header_footer","meta":{"_acf_changed":false,"inline_featured_image":false,"_exactmetrics_skip_tracking":false,"_exactmetrics_sitenote_active":false,"_exactmetrics_sitenote_note":"","_exactmetrics_sitenote_category":0,"footnotes":""},"class_list":["post-8904","page","type-page","status-publish","hentry"],"acf":[],"yoast_head":"<!-- This site is optimized with the Yoast SEO plugin v27.0 - https:\/\/yoast.com\/product\/yoast-seo-wordpress\/ -->\n<title>Informieren Sie mich - Axinesis at Home<\/title>\n<meta name=\"robots\" content=\"index, follow, max-snippet:-1, max-image-preview:large, max-video-preview:-1\" \/>\n<link rel=\"canonical\" href=\"https:\/\/home.axinesis.com\/de\/reapad\/informieren-sie-mich\/\" \/>\n<meta property=\"og:locale\" content=\"de_DE\" \/>\n<meta property=\"og:type\" content=\"article\" \/>\n<meta property=\"og:title\" content=\"Informieren Sie mich - Axinesis at Home\" \/>\n<meta property=\"og:description\" content=\"Halten Sie mich auf dem Laufenden Der REAtouch\u00ae Home ist bald erh\u00e4ltlich&#8230; Sind Sie an unserem Ger\u00e4t f\u00fcr die Rehabilitation zu Hause interessiert? Wir laden Sie ein, das untenstehende Formular auszuf\u00fcllen, damit wir Sie \u00fcber die Markteinf\u00fchrung auf dem Laufenden halten k\u00f6nnen!\" \/>\n<meta property=\"og:url\" content=\"https:\/\/home.axinesis.com\/de\/reapad\/informieren-sie-mich\/\" \/>\n<meta property=\"og:site_name\" content=\"Axinesis at Home\" \/>\n<meta property=\"article:publisher\" content=\"https:\/\/www.facebook.com\/axinesis\" \/>\n<meta property=\"article:modified_time\" content=\"2025-02-14T11:28:37+00:00\" \/>\n<meta property=\"og:image\" content=\"https:\/\/home.axinesis.com\/wp-content\/uploads\/2022\/10\/REAtouch-Home.png\" \/>\n<meta name=\"twitter:card\" content=\"summary_large_image\" \/>\n<meta name=\"twitter:label1\" content=\"Gesch\u00e4tzte Lesezeit\" \/>\n\t<meta name=\"twitter:data1\" content=\"1\u00a0Minute\" \/>\n<script type=\"application\/ld+json\" class=\"yoast-schema-graph\">{\"@context\":\"https:\/\/schema.org\",\"@graph\":[{\"@type\":\"WebPage\",\"@id\":\"https:\/\/home.axinesis.com\/de\/reapad\/informieren-sie-mich\/\",\"url\":\"https:\/\/home.axinesis.com\/de\/reapad\/informieren-sie-mich\/\",\"name\":\"Informieren Sie mich - Axinesis at Home\",\"isPartOf\":{\"@id\":\"https:\/\/home.axinesis.com\/de\/#website\"},\"primaryImageOfPage\":{\"@id\":\"https:\/\/home.axinesis.com\/de\/reapad\/informieren-sie-mich\/#primaryimage\"},\"image\":{\"@id\":\"https:\/\/home.axinesis.com\/de\/reapad\/informieren-sie-mich\/#primaryimage\"},\"thumbnailUrl\":\"https:\/\/home.axinesis.com\/wp-content\/uploads\/2022\/10\/REAtouch-Home.png\",\"datePublished\":\"2021-06-02T09:26:58+00:00\",\"dateModified\":\"2025-02-14T11:28:37+00:00\",\"breadcrumb\":{\"@id\":\"https:\/\/home.axinesis.com\/de\/reapad\/informieren-sie-mich\/#breadcrumb\"},\"inLanguage\":\"de\",\"potentialAction\":[{\"@type\":\"ReadAction\",\"target\":[\"https:\/\/home.axinesis.com\/de\/reapad\/informieren-sie-mich\/\"]}]},{\"@type\":\"ImageObject\",\"inLanguage\":\"de\",\"@id\":\"https:\/\/home.axinesis.com\/de\/reapad\/informieren-sie-mich\/#primaryimage\",\"url\":\"https:\/\/home.axinesis.com\/wp-content\/uploads\/2022\/10\/REAtouch-Home.png\",\"contentUrl\":\"https:\/\/home.axinesis.com\/wp-content\/uploads\/2022\/10\/REAtouch-Home.png\"},{\"@type\":\"BreadcrumbList\",\"@id\":\"https:\/\/home.axinesis.com\/de\/reapad\/informieren-sie-mich\/#breadcrumb\",\"itemListElement\":[{\"@type\":\"ListItem\",\"position\":1,\"name\":\"Home\",\"item\":\"https:\/\/home.axinesis.com\/de\/\"},{\"@type\":\"ListItem\",\"position\":2,\"name\":\"REApad\u00ae\",\"item\":\"https:\/\/home.axinesis.com\/de\/reapad\/\"},{\"@type\":\"ListItem\",\"position\":3,\"name\":\"Informieren Sie mich\"}]},{\"@type\":\"WebSite\",\"@id\":\"https:\/\/home.axinesis.com\/de\/#website\",\"url\":\"https:\/\/home.axinesis.com\/de\/\",\"name\":\"Axinesis Home recovery\",\"description\":\"\",\"publisher\":{\"@id\":\"https:\/\/home.axinesis.com\/de\/#organization\"},\"potentialAction\":[{\"@type\":\"SearchAction\",\"target\":{\"@type\":\"EntryPoint\",\"urlTemplate\":\"https:\/\/home.axinesis.com\/de\/?s={search_term_string}\"},\"query-input\":{\"@type\":\"PropertyValueSpecification\",\"valueRequired\":true,\"valueName\":\"search_term_string\"}}],\"inLanguage\":\"de\"},{\"@type\":\"Organization\",\"@id\":\"https:\/\/home.axinesis.com\/de\/#organization\",\"name\":\"Axinesis Home-recovery\",\"url\":\"https:\/\/home.axinesis.com\/de\/\",\"logo\":{\"@type\":\"ImageObject\",\"inLanguage\":\"de\",\"@id\":\"https:\/\/home.axinesis.com\/de\/#\/schema\/logo\/image\/\",\"url\":\"https:\/\/home.axinesis.com\/wp-content\/uploads\/2021\/05\/Axinesis_Logo.svg\",\"contentUrl\":\"https:\/\/home.axinesis.com\/wp-content\/uploads\/2021\/05\/Axinesis_Logo.svg\",\"width\":599.74,\"height\":160.79,\"caption\":\"Axinesis Home-recovery\"},\"image\":{\"@id\":\"https:\/\/home.axinesis.com\/de\/#\/schema\/logo\/image\/\"},\"sameAs\":[\"https:\/\/www.facebook.com\/axinesis\"]}]}<\/script>\n<!-- \/ Yoast SEO plugin. -->","yoast_head_json":{"title":"Informieren Sie mich - Axinesis at Home","robots":{"index":"index","follow":"follow","max-snippet":"max-snippet:-1","max-image-preview":"max-image-preview:large","max-video-preview":"max-video-preview:-1"},"canonical":"https:\/\/home.axinesis.com\/de\/reapad\/informieren-sie-mich\/","og_locale":"de_DE","og_type":"article","og_title":"Informieren Sie mich - Axinesis at Home","og_description":"Halten Sie mich auf dem Laufenden Der REAtouch\u00ae Home ist bald erh\u00e4ltlich&#8230; Sind Sie an unserem Ger\u00e4t f\u00fcr die Rehabilitation zu Hause interessiert? Wir laden Sie ein, das untenstehende Formular auszuf\u00fcllen, damit wir Sie \u00fcber die Markteinf\u00fchrung auf dem Laufenden halten k\u00f6nnen!","og_url":"https:\/\/home.axinesis.com\/de\/reapad\/informieren-sie-mich\/","og_site_name":"Axinesis at Home","article_publisher":"https:\/\/www.facebook.com\/axinesis","article_modified_time":"2025-02-14T11:28:37+00:00","og_image":[{"url":"https:\/\/home.axinesis.com\/wp-content\/uploads\/2022\/10\/REAtouch-Home.png","type":"","width":"","height":""}],"twitter_card":"summary_large_image","twitter_misc":{"Gesch\u00e4tzte Lesezeit":"1\u00a0Minute"},"schema":{"@context":"https:\/\/schema.org","@graph":[{"@type":"WebPage","@id":"https:\/\/home.axinesis.com\/de\/reapad\/informieren-sie-mich\/","url":"https:\/\/home.axinesis.com\/de\/reapad\/informieren-sie-mich\/","name":"Informieren Sie mich - Axinesis at Home","isPartOf":{"@id":"https:\/\/home.axinesis.com\/de\/#website"},"primaryImageOfPage":{"@id":"https:\/\/home.axinesis.com\/de\/reapad\/informieren-sie-mich\/#primaryimage"},"image":{"@id":"https:\/\/home.axinesis.com\/de\/reapad\/informieren-sie-mich\/#primaryimage"},"thumbnailUrl":"https:\/\/home.axinesis.com\/wp-content\/uploads\/2022\/10\/REAtouch-Home.png","datePublished":"2021-06-02T09:26:58+00:00","dateModified":"2025-02-14T11:28:37+00:00","breadcrumb":{"@id":"https:\/\/home.axinesis.com\/de\/reapad\/informieren-sie-mich\/#breadcrumb"},"inLanguage":"de","potentialAction":[{"@type":"ReadAction","target":["https:\/\/home.axinesis.com\/de\/reapad\/informieren-sie-mich\/"]}]},{"@type":"ImageObject","inLanguage":"de","@id":"https:\/\/home.axinesis.com\/de\/reapad\/informieren-sie-mich\/#primaryimage","url":"https:\/\/home.axinesis.com\/wp-content\/uploads\/2022\/10\/REAtouch-Home.png","contentUrl":"https:\/\/home.axinesis.com\/wp-content\/uploads\/2022\/10\/REAtouch-Home.png"},{"@type":"BreadcrumbList","@id":"https:\/\/home.axinesis.com\/de\/reapad\/informieren-sie-mich\/#breadcrumb","itemListElement":[{"@type":"ListItem","position":1,"name":"Home","item":"https:\/\/home.axinesis.com\/de\/"},{"@type":"ListItem","position":2,"name":"REApad\u00ae","item":"https:\/\/home.axinesis.com\/de\/reapad\/"},{"@type":"ListItem","position":3,"name":"Informieren Sie mich"}]},{"@type":"WebSite","@id":"https:\/\/home.axinesis.com\/de\/#website","url":"https:\/\/home.axinesis.com\/de\/","name":"Axinesis Home recovery","description":"","publisher":{"@id":"https:\/\/home.axinesis.com\/de\/#organization"},"potentialAction":[{"@type":"SearchAction","target":{"@type":"EntryPoint","urlTemplate":"https:\/\/home.axinesis.com\/de\/?s={search_term_string}"},"query-input":{"@type":"PropertyValueSpecification","valueRequired":true,"valueName":"search_term_string"}}],"inLanguage":"de"},{"@type":"Organization","@id":"https:\/\/home.axinesis.com\/de\/#organization","name":"Axinesis Home-recovery","url":"https:\/\/home.axinesis.com\/de\/","logo":{"@type":"ImageObject","inLanguage":"de","@id":"https:\/\/home.axinesis.com\/de\/#\/schema\/logo\/image\/","url":"https:\/\/home.axinesis.com\/wp-content\/uploads\/2021\/05\/Axinesis_Logo.svg","contentUrl":"https:\/\/home.axinesis.com\/wp-content\/uploads\/2021\/05\/Axinesis_Logo.svg","width":599.74,"height":160.79,"caption":"Axinesis Home-recovery"},"image":{"@id":"https:\/\/home.axinesis.com\/de\/#\/schema\/logo\/image\/"},"sameAs":["https:\/\/www.facebook.com\/axinesis"]}]}},"_links":{"self":[{"href":"https:\/\/home.axinesis.com\/de\/wp-json\/wp\/v2\/pages\/8904","targetHints":{"allow":["GET"]}}],"collection":[{"href":"https:\/\/home.axinesis.com\/de\/wp-json\/wp\/v2\/pages"}],"about":[{"href":"https:\/\/home.axinesis.com\/de\/wp-json\/wp\/v2\/types\/page"}],"author":[{"embeddable":true,"href":"https:\/\/home.axinesis.com\/de\/wp-json\/wp\/v2\/users\/1"}],"replies":[{"embeddable":true,"href":"https:\/\/home.axinesis.com\/de\/wp-json\/wp\/v2\/comments?post=8904"}],"version-history":[{"count":23,"href":"https:\/\/home.axinesis.com\/de\/wp-json\/wp\/v2\/pages\/8904\/revisions"}],"predecessor-version":[{"id":11366,"href":"https:\/\/home.axinesis.com\/de\/wp-json\/wp\/v2\/pages\/8904\/revisions\/11366"}],"up":[{"embeddable":true,"href":"https:\/\/home.axinesis.com\/de\/wp-json\/wp\/v2\/pages\/8876"}],"wp:attachment":[{"href":"https:\/\/home.axinesis.com\/de\/wp-json\/wp\/v2\/media?parent=8904"}],"curies":[{"name":"wp","href":"https:\/\/api.w.org\/{rel}","templated":true}]}}